{"id":527,"date":"2022-08-10T13:04:02","date_gmt":"2022-08-10T11:04:02","guid":{"rendered":"https:\/\/delinaprej.eu\/?page_id=527"},"modified":"2022-08-16T17:57:04","modified_gmt":"2022-08-16T15:57:04","slug":"jedno-razmisljanje","status":"publish","type":"page","link":"https:\/\/delinaprej.eu\/index.php\/jedno-razmisljanje\/","title":{"rendered":"Jedno razmi\u0161ljanje &#8230; \ud83c\uddf7\ud83c\uddf8"},"content":{"rendered":"<p><span class=\"d2edcug0 hpfvmrgz qv66sw1b c1et5uql lr9zc1uh a8c37x1j fe6kdd0r mau55g9w c8b282yb keod5gw0 nxhoafnm aigsh9s9 d3f4x2em iv3no6db gfeo3gy3 a3bd9o3v b1v8xokw oo9gr5id hzawbc8m\" dir=\"auto\">Dakle, najpre to ne\u0161to, verovatno hemikalija, obori imunitet kod zdravog \u010doveka, \u0161to ovde vidimo kao pad broja leukocita ispod normale.<\/span><\/p>\n<p><span class=\"d2edcug0 hpfvmrgz qv66sw1b c1et5uql lr9zc1uh a8c37x1j fe6kdd0r mau55g9w c8b282yb keod5gw0 nxhoafnm aigsh9s9 d3f4x2em iv3no6db gfeo3gy3 a3bd9o3v b1v8xokw oo9gr5id hzawbc8m\" dir=\"auto\">Tada bakterije koje su normalni stanovnici na\u0161eg, npr. grla, po\u010dnu naglo da se razmno\u017eavaju.<\/span><\/p>\n<p><span class=\"d2edcug0 hpfvmrgz qv66sw1b c1et5uql lr9zc1uh a8c37x1j fe6kdd0r mau55g9w c8b282yb keod5gw0 nxhoafnm aigsh9s9 d3f4x2em iv3no6db gfeo3gy3 a3bd9o3v b1v8xokw oo9gr5id hzawbc8m\" dir=\"auto\">Bakterijski toksini u krvi podignu telesnu temperaturu, pacijent se javlja lekaru, koji postupa po protokolu onih mudraca<\/span><br \/>\n<span class=\"d2edcug0 hpfvmrgz qv66sw1b c1et5uql lr9zc1uh a8c37x1j fe6kdd0r mau55g9w c8b282yb keod5gw0 nxhoafnm aigsh9s9 d3f4x2em iv3no6db gfeo3gy3 a3bd9o3v b1v8xokw oo9gr5id hzawbc8m\" dir=\"auto\">i time je otvoren put ka limenom kov\u010degu i depopulaciji koju je Bili javno i nedvosmisleno zagovarao,<\/span><br \/>\n<span class=\"d2edcug0 hpfvmrgz qv66sw1b c1et5uql lr9zc1uh a8c37x1j fe6kdd0r mau55g9w c8b282yb keod5gw0 nxhoafnm aigsh9s9 d3f4x2em iv3no6db gfeo3gy3 a3bd9o3v b1v8xokw oo9gr5id hzawbc8m\" dir=\"auto\">navode\u0107i pelcovanje kao jednu od metoda za kontrolu broja stanovnika na Zemlji. <\/span><\/p>\n<p><strong><span class=\"d2edcug0 hpfvmrgz qv66sw1b c1et5uql lr9zc1uh a8c37x1j fe6kdd0r mau55g9w c8b282yb keod5gw0 nxhoafnm aigsh9s9 d3f4x2em iv3no6db gfeo3gy3 a3bd9o3v b1v8xokw oo9gr5id hzawbc8m\" dir=\"auto\">Dakle, nikakvi Omikroni, Kentauri i sli\u010dne budala\u0161tine NE POSTOJE!<\/span><\/strong><\/p>\n<p><img loading=\"lazy\" decoding=\"async\" class=\"alignnone wp-image-528\" src=\"https:\/\/delinaprej.eu\/wp-content\/uploads\/2022\/08\/rezultat.krvijpg-300x136.jpg\" alt=\"\" width=\"799\" height=\"362\" srcset=\"https:\/\/delinaprej.eu\/wp-content\/uploads\/2022\/08\/rezultat.krvijpg-300x136.jpg 300w, https:\/\/delinaprej.eu\/wp-content\/uploads\/2022\/08\/rezultat.krvijpg-768x348.jpg 768w, https:\/\/delinaprej.eu\/wp-content\/uploads\/2022\/08\/rezultat.krvijpg.jpg 800w\" sizes=\"auto, (max-width: 799px) 100vw, 799px\" \/><\/p>\n<p><em>Izvor: <a href=\"https:\/\/www.facebook.com\/100032020306278\/posts\/pfbid0oC2Zbyxr3acMZ8moVmhuC22kaGchsb4eCGtqNp1ESqu6B4wKvjWumta2bxfEQ8mKl\/?sfnsn=mo\">https:\/\/www.facebook.com\/100032020306278\/posts\/pfbid0oC2Zbyxr3acMZ8moVmhu &#8230;<\/a><\/em><br \/>\n&nbsp;<\/p>\n","protected":false},"excerpt":{"rendered":"<p>Dakle, najpre to ne\u0161to, verovatno hemikalija, obori imunitet kod zdravog \u010doveka, \u0161to ovde vidimo kao pad broja leukocita ispod normale. Tada bakterije koje su normalni stanovnici na\u0161eg, npr. grla, po\u010dnu naglo da se razmno\u017eavaju. Bakterijski [&hellip;]<\/p>\n","protected":false},"author":1,"featured_media":0,"parent":0,"menu_order":0,"comment_status":"closed","ping_status":"closed","template":"","meta":{"_monsterinsights_skip_tracking":false,"_monsterinsights_sitenote_active":false,"_monsterinsights_sitenote_note":"","_monsterinsights_sitenote_category":0,"site-sidebar-layout":"default","site-content-layout":"default","ast-site-content-layout":"default","site-content-style":"default","site-sidebar-style":"default","ast-global-header-display":"","ast-banner-title-visibility":"","ast-main-header-display":"","ast-hfb-above-header-display":"","ast-hfb-below-header-display":"","ast-hfb-mobile-header-display":"","site-post-title":"","ast-breadcrumbs-content":"","ast-featured-img":"","footer-sml-layout":"","ast-disable-related-posts":"","theme-transparent-header-meta":"default","adv-header-id-meta":"","stick-header-meta":"","header-above-stick-meta":"","header-main-stick-meta":"","header-below-stick-meta":"","astra-migrate-meta-layouts":"default","ast-page-background-enabled":"default","ast-page-background-meta":{"desktop":{"background-color":"var(--ast-global-color-4)","background-image":"","background-repeat":"repeat","background-position":"center center","background-size":"auto","background-attachment":"scroll","background-type":"","background-media":"","overlay-type":"","overlay-color":"","overlay-opacity":"","overlay-gradient":""},"tablet":{"background-color":"","background-image":"","background-repeat":"repeat","background-position":"center center","background-size":"auto","background-attachment":"scroll","background-type":"","background-media":"","overlay-type":"","overlay-color":"","overlay-opacity":"","overlay-gradient":""},"mobile":{"background-color":"","background-image":"","background-repeat":"repeat","background-position":"center center","background-size":"auto","background-attachment":"scroll","background-type":"","background-media":"","overlay-type":"","overlay-color":"","overlay-opacity":"","overlay-gradient":""}},"ast-content-background-meta":{"desktop":{"background-color":"var(--ast-global-color-5)","background-image":"","background-repeat":"repeat","background-position":"center center","background-size":"auto","background-attachment":"scroll","background-type":"","background-media":"","overlay-type":"","overlay-color":"","overlay-opacity":"","overlay-gradient":""},"tablet":{"background-color":"var(--ast-global-color-5)","background-image":"","background-repeat":"repeat","background-position":"center center","background-size":"auto","background-attachment":"scroll","background-type":"","background-media":"","overlay-type":"","overlay-color":"","overlay-opacity":"","overlay-gradient":""},"mobile":{"background-color":"var(--ast-global-color-5)","background-image":"","background-repeat":"repeat","background-position":"center center","background-size":"auto","background-attachment":"scroll","background-type":"","background-media":"","overlay-type":"","overlay-color":"","overlay-opacity":"","overlay-gradient":""}},"footnotes":""},"class_list":["post-527","page","type-page","status-publish","hentry"],"aioseo_notices":[],"_links":{"self":[{"href":"https:\/\/delinaprej.eu\/index.php\/wp-json\/wp\/v2\/pages\/527","targetHints":{"allow":["GET"]}}],"collection":[{"href":"https:\/\/delinaprej.eu\/index.php\/wp-json\/wp\/v2\/pages"}],"about":[{"href":"https:\/\/delinaprej.eu\/index.php\/wp-json\/wp\/v2\/types\/page"}],"author":[{"embeddable":true,"href":"https:\/\/delinaprej.eu\/index.php\/wp-json\/wp\/v2\/users\/1"}],"replies":[{"embeddable":true,"href":"https:\/\/delinaprej.eu\/index.php\/wp-json\/wp\/v2\/comments?post=527"}],"version-history":[{"count":5,"href":"https:\/\/delinaprej.eu\/index.php\/wp-json\/wp\/v2\/pages\/527\/revisions"}],"predecessor-version":[{"id":753,"href":"https:\/\/delinaprej.eu\/index.php\/wp-json\/wp\/v2\/pages\/527\/revisions\/753"}],"wp:attachment":[{"href":"https:\/\/delinaprej.eu\/index.php\/wp-json\/wp\/v2\/media?parent=527"}],"curies":[{"name":"wp","href":"https:\/\/api.w.org\/{rel}","templated":true}]}}